{"id":550,"date":"2024-11-12T07:44:25","date_gmt":"2024-11-12T07:44:25","guid":{"rendered":"https:\/\/mehatronika-pececnik.com\/?page_id=550"},"modified":"2024-11-12T07:45:10","modified_gmt":"2024-11-12T07:45:10","slug":"pravno-obvestilo","status":"publish","type":"page","link":"https:\/\/mehatronika-pececnik.com\/?page_id=550","title":{"rendered":"PRAVNO OBVESTILO"},"content":{"rendered":"\n<figure class=\"wp-block-gallery has-nested-images columns-default is-cropped wp-block-gallery-1 is-layout-flex wp-block-gallery-is-layout-flex\">\n<figure class=\"wp-block-image size-large\"><img loading=\"lazy\" decoding=\"async\" width=\"724\" height=\"1024\" data-id=\"554\" src=\"https:\/\/mehatronika-pececnik.com\/wp-content\/uploads\/2024\/11\/56944e940b8690db22d1612cd9ffe479-0-724x1024.png\" alt=\"\" class=\"wp-image-554\" srcset=\"https:\/\/mehatronika-pececnik.com\/wp-content\/uploads\/2024\/11\/56944e940b8690db22d1612cd9ffe479-0-724x1024.png 724w, https:\/\/mehatronika-pececnik.com\/wp-content\/uploads\/2024\/11\/56944e940b8690db22d1612cd9ffe479-0-212x300.png 212w, https:\/\/mehatronika-pececnik.com\/wp-content\/uploads\/2024\/11\/56944e940b8690db22d1612cd9ffe479-0-768x1086.png 768w, https:\/\/mehatronika-pececnik.com\/wp-content\/uploads\/2024\/11\/56944e940b8690db22d1612cd9ffe479-0-424x600.png 424w, https:\/\/mehatronika-pececnik.com\/wp-content\/uploads\/2024\/11\/56944e940b8690db22d1612cd9ffe479-0-566x800.png 566w, https:\/\/mehatronika-pececnik.com\/wp-content\/uploads\/2024\/11\/56944e940b8690db22d1612cd9ffe479-0-1086x1536.png 1086w, https:\/\/mehatronika-pececnik.com\/wp-content\/uploads\/2024\/11\/56944e940b8690db22d1612cd9ffe479-0-1448x2048.png 1448w, https:\/\/mehatronika-pececnik.com\/wp-content\/uploads\/2024\/11\/56944e940b8690db22d1612cd9ffe479-0.png 1654w\" sizes=\"auto, (max-width: 724px) 100vw, 724px\" \/><\/figure>\n\n\n\n<figure class=\"wp-block-image size-large\"><img loading=\"lazy\" decoding=\"async\" width=\"724\" height=\"1024\" data-id=\"555\" src=\"https:\/\/mehatronika-pececnik.com\/wp-content\/uploads\/2024\/11\/56944e940b8690db22d1612cd9ffe479-1-724x1024.png\" alt=\"\" class=\"wp-image-555\" srcset=\"https:\/\/mehatronika-pececnik.com\/wp-content\/uploads\/2024\/11\/56944e940b8690db22d1612cd9ffe479-1-724x1024.png 724w, https:\/\/mehatronika-pececnik.com\/wp-content\/uploads\/2024\/11\/56944e940b8690db22d1612cd9ffe479-1-212x300.png 212w, https:\/\/mehatronika-pececnik.com\/wp-content\/uploads\/2024\/11\/56944e940b8690db22d1612cd9ffe479-1-768x1086.png 768w, https:\/\/mehatronika-pececnik.com\/wp-content\/uploads\/2024\/11\/56944e940b8690db22d1612cd9ffe479-1-424x600.png 424w, https:\/\/mehatronika-pececnik.com\/wp-content\/uploads\/2024\/11\/56944e940b8690db22d1612cd9ffe479-1-566x800.png 566w, https:\/\/mehatronika-pececnik.com\/wp-content\/uploads\/2024\/11\/56944e940b8690db22d1612cd9ffe479-1-1086x1536.png 1086w, https:\/\/mehatronika-pececnik.com\/wp-content\/uploads\/2024\/11\/56944e940b8690db22d1612cd9ffe479-1-1448x2048.png 1448w, https:\/\/mehatronika-pececnik.com\/wp-content\/uploads\/2024\/11\/56944e940b8690db22d1612cd9ffe479-1.png 1654w\" sizes=\"auto, (max-width: 724px) 100vw, 724px\" \/><\/figure>\n<\/figure>\n","protected":false},"excerpt":{"rendered":"<a class=\"moretag noptoppad\" href=\"https:\/\/mehatronika-pececnik.com\/?page_id=550\">Read More...<\/a>","protected":false},"author":1,"featured_media":0,"parent":0,"menu_order":0,"comment_status":"closed","ping_status":"closed","template":"","meta":{"footnotes":""},"class_list":["post-550","page","type-page","status-publish","hentry"],"yoast_head":"<!-- This site is optimized with the Yoast SEO plugin v27.4 - https:\/\/yoast.com\/product\/yoast-seo-wordpress\/ -->\n<title>PRAVNO OBVESTILO - MEHATRONIKA PE\u010cE\u010cNIK d.o.o.<\/title>\n<meta name=\"robots\" content=\"index, follow, max-snippet:-1, max-image-preview:large, max-video-preview:-1\" \/>\n<link rel=\"canonical\" href=\"https:\/\/mehatronika-pececnik.com\/?page_id=550\" \/>\n<meta property=\"og:locale\" content=\"en_US\" \/>\n<meta property=\"og:type\" content=\"article\" \/>\n<meta property=\"og:title\" content=\"PRAVNO OBVESTILO - MEHATRONIKA PE\u010cE\u010cNIK d.o.o.\" \/>\n<meta property=\"og:url\" content=\"https:\/\/mehatronika-pececnik.com\/?page_id=550\" \/>\n<meta property=\"og:site_name\" content=\"MEHATRONIKA PE\u010cE\u010cNIK d.o.o.\" \/>\n<meta property=\"article:publisher\" content=\"https:\/\/www.facebook.com\/\" \/>\n<meta property=\"article:modified_time\" content=\"2024-11-12T07:45:10+00:00\" \/>\n<meta property=\"og:image\" content=\"https:\/\/mehatronika-pececnik.com\/wp-content\/uploads\/2024\/11\/56944e940b8690db22d1612cd9ffe479-0.png\" \/>\n\t<meta property=\"og:image:width\" content=\"1654\" \/>\n\t<meta property=\"og:image:height\" content=\"2339\" \/>\n\t<meta property=\"og:image:type\" content=\"image\/png\" \/>\n<meta name=\"twitter:card\" content=\"summary_large_image\" \/>\n<meta name=\"twitter:label1\" content=\"Est. reading time\" \/>\n\t<meta name=\"twitter:data1\" content=\"1 minute\" \/>\n<script type=\"application\/ld+json\" class=\"yoast-schema-graph\">{\"@context\":\"https:\\\/\\\/schema.org\",\"@graph\":[{\"@type\":\"WebPage\",\"@id\":\"https:\\\/\\\/mehatronika-pececnik.com\\\/?page_id=550\",\"url\":\"https:\\\/\\\/mehatronika-pececnik.com\\\/?page_id=550\",\"name\":\"PRAVNO OBVESTILO - MEHATRONIKA PE\u010cE\u010cNIK d.o.o.\",\"isPartOf\":{\"@id\":\"https:\\\/\\\/mehatronika-pececnik.com\\\/#website\"},\"primaryImageOfPage\":{\"@id\":\"https:\\\/\\\/mehatronika-pececnik.com\\\/?page_id=550#primaryimage\"},\"image\":{\"@id\":\"https:\\\/\\\/mehatronika-pececnik.com\\\/?page_id=550#primaryimage\"},\"thumbnailUrl\":\"https:\\\/\\\/mehatronika-pececnik.com\\\/wp-content\\\/uploads\\\/2024\\\/11\\\/56944e940b8690db22d1612cd9ffe479-0-724x1024.png\",\"datePublished\":\"2024-11-12T07:44:25+00:00\",\"dateModified\":\"2024-11-12T07:45:10+00:00\",\"breadcrumb\":{\"@id\":\"https:\\\/\\\/mehatronika-pececnik.com\\\/?page_id=550#breadcrumb\"},\"inLanguage\":\"en-US\",\"potentialAction\":[{\"@type\":\"ReadAction\",\"target\":[\"https:\\\/\\\/mehatronika-pececnik.com\\\/?page_id=550\"]}]},{\"@type\":\"ImageObject\",\"inLanguage\":\"en-US\",\"@id\":\"https:\\\/\\\/mehatronika-pececnik.com\\\/?page_id=550#primaryimage\",\"url\":\"https:\\\/\\\/mehatronika-pececnik.com\\\/wp-content\\\/uploads\\\/2024\\\/11\\\/56944e940b8690db22d1612cd9ffe479-0.png\",\"contentUrl\":\"https:\\\/\\\/mehatronika-pececnik.com\\\/wp-content\\\/uploads\\\/2024\\\/11\\\/56944e940b8690db22d1612cd9ffe479-0.png\",\"width\":1654,\"height\":2339},{\"@type\":\"BreadcrumbList\",\"@id\":\"https:\\\/\\\/mehatronika-pececnik.com\\\/?page_id=550#breadcrumb\",\"itemListElement\":[{\"@type\":\"ListItem\",\"position\":1,\"name\":\"Home\",\"item\":\"https:\\\/\\\/mehatronika-pececnik.com\\\/\"},{\"@type\":\"ListItem\",\"position\":2,\"name\":\"PRAVNO OBVESTILO\"}]},{\"@type\":\"WebSite\",\"@id\":\"https:\\\/\\\/mehatronika-pececnik.com\\\/#website\",\"url\":\"https:\\\/\\\/mehatronika-pececnik.com\\\/\",\"name\":\"MEHATRONIKA PE\u010cE\u010cNIK d.o.o.\",\"description\":\"MEHATRONIKA PE\u010cE\u010cNIK d.o.o.\",\"publisher\":{\"@id\":\"https:\\\/\\\/mehatronika-pececnik.com\\\/#organization\"},\"potentialAction\":[{\"@type\":\"SearchAction\",\"target\":{\"@type\":\"EntryPoint\",\"urlTemplate\":\"https:\\\/\\\/mehatronika-pececnik.com\\\/?s={search_term_string}\"},\"query-input\":{\"@type\":\"PropertyValueSpecification\",\"valueRequired\":true,\"valueName\":\"search_term_string\"}}],\"inLanguage\":\"en-US\"},{\"@type\":\"Organization\",\"@id\":\"https:\\\/\\\/mehatronika-pececnik.com\\\/#organization\",\"name\":\"MEHATRONIKA PE\u010cE\u010cNIK d.o.o.\",\"url\":\"https:\\\/\\\/mehatronika-pececnik.com\\\/\",\"logo\":{\"@type\":\"ImageObject\",\"inLanguage\":\"en-US\",\"@id\":\"https:\\\/\\\/mehatronika-pececnik.com\\\/#\\\/schema\\\/logo\\\/image\\\/\",\"url\":\"https:\\\/\\\/mehatronika-pececnik.com\\\/wp-content\\\/uploads\\\/2021\\\/01\\\/Logo_mehartonika_pececnik_final.png\",\"contentUrl\":\"https:\\\/\\\/mehatronika-pececnik.com\\\/wp-content\\\/uploads\\\/2021\\\/01\\\/Logo_mehartonika_pececnik_final.png\",\"width\":2126,\"height\":1090,\"caption\":\"MEHATRONIKA PE\u010cE\u010cNIK d.o.o.\"},\"image\":{\"@id\":\"https:\\\/\\\/mehatronika-pececnik.com\\\/#\\\/schema\\\/logo\\\/image\\\/\"},\"sameAs\":[\"https:\\\/\\\/www.facebook.com\\\/\",\"https:\\\/\\\/www.instagram.com\\\/\",\"https:\\\/\\\/www.linkedin.com\\\/\",\"https:\\\/\\\/www.myspace.com\\\/\",\"https:\\\/\\\/www.pinterest.com\\\/\",\"https:\\\/\\\/www.youtube.com\\\/\"]}]}<\/script>\n<!-- \/ Yoast SEO plugin. -->","yoast_head_json":{"title":"PRAVNO OBVESTILO - MEHATRONIKA PE\u010cE\u010cNIK d.o.o.","robots":{"index":"index","follow":"follow","max-snippet":"max-snippet:-1","max-image-preview":"max-image-preview:large","max-video-preview":"max-video-preview:-1"},"canonical":"https:\/\/mehatronika-pececnik.com\/?page_id=550","og_locale":"en_US","og_type":"article","og_title":"PRAVNO OBVESTILO - MEHATRONIKA PE\u010cE\u010cNIK d.o.o.","og_url":"https:\/\/mehatronika-pececnik.com\/?page_id=550","og_site_name":"MEHATRONIKA PE\u010cE\u010cNIK d.o.o.","article_publisher":"https:\/\/www.facebook.com\/","article_modified_time":"2024-11-12T07:45:10+00:00","og_image":[{"width":1654,"height":2339,"url":"https:\/\/mehatronika-pececnik.com\/wp-content\/uploads\/2024\/11\/56944e940b8690db22d1612cd9ffe479-0.png","type":"image\/png"}],"twitter_card":"summary_large_image","twitter_misc":{"Est. reading time":"1 minute"},"schema":{"@context":"https:\/\/schema.org","@graph":[{"@type":"WebPage","@id":"https:\/\/mehatronika-pececnik.com\/?page_id=550","url":"https:\/\/mehatronika-pececnik.com\/?page_id=550","name":"PRAVNO OBVESTILO - MEHATRONIKA PE\u010cE\u010cNIK d.o.o.","isPartOf":{"@id":"https:\/\/mehatronika-pececnik.com\/#website"},"primaryImageOfPage":{"@id":"https:\/\/mehatronika-pececnik.com\/?page_id=550#primaryimage"},"image":{"@id":"https:\/\/mehatronika-pececnik.com\/?page_id=550#primaryimage"},"thumbnailUrl":"https:\/\/mehatronika-pececnik.com\/wp-content\/uploads\/2024\/11\/56944e940b8690db22d1612cd9ffe479-0-724x1024.png","datePublished":"2024-11-12T07:44:25+00:00","dateModified":"2024-11-12T07:45:10+00:00","breadcrumb":{"@id":"https:\/\/mehatronika-pececnik.com\/?page_id=550#breadcrumb"},"inLanguage":"en-US","potentialAction":[{"@type":"ReadAction","target":["https:\/\/mehatronika-pececnik.com\/?page_id=550"]}]},{"@type":"ImageObject","inLanguage":"en-US","@id":"https:\/\/mehatronika-pececnik.com\/?page_id=550#primaryimage","url":"https:\/\/mehatronika-pececnik.com\/wp-content\/uploads\/2024\/11\/56944e940b8690db22d1612cd9ffe479-0.png","contentUrl":"https:\/\/mehatronika-pececnik.com\/wp-content\/uploads\/2024\/11\/56944e940b8690db22d1612cd9ffe479-0.png","width":1654,"height":2339},{"@type":"BreadcrumbList","@id":"https:\/\/mehatronika-pececnik.com\/?page_id=550#breadcrumb","itemListElement":[{"@type":"ListItem","position":1,"name":"Home","item":"https:\/\/mehatronika-pececnik.com\/"},{"@type":"ListItem","position":2,"name":"PRAVNO OBVESTILO"}]},{"@type":"WebSite","@id":"https:\/\/mehatronika-pececnik.com\/#website","url":"https:\/\/mehatronika-pececnik.com\/","name":"MEHATRONIKA PE\u010cE\u010cNIK d.o.o.","description":"MEHATRONIKA PE\u010cE\u010cNIK d.o.o.","publisher":{"@id":"https:\/\/mehatronika-pececnik.com\/#organization"},"potentialAction":[{"@type":"SearchAction","target":{"@type":"EntryPoint","urlTemplate":"https:\/\/mehatronika-pececnik.com\/?s={search_term_string}"},"query-input":{"@type":"PropertyValueSpecification","valueRequired":true,"valueName":"search_term_string"}}],"inLanguage":"en-US"},{"@type":"Organization","@id":"https:\/\/mehatronika-pececnik.com\/#organization","name":"MEHATRONIKA PE\u010cE\u010cNIK d.o.o.","url":"https:\/\/mehatronika-pececnik.com\/","logo":{"@type":"ImageObject","inLanguage":"en-US","@id":"https:\/\/mehatronika-pececnik.com\/#\/schema\/logo\/image\/","url":"https:\/\/mehatronika-pececnik.com\/wp-content\/uploads\/2021\/01\/Logo_mehartonika_pececnik_final.png","contentUrl":"https:\/\/mehatronika-pececnik.com\/wp-content\/uploads\/2021\/01\/Logo_mehartonika_pececnik_final.png","width":2126,"height":1090,"caption":"MEHATRONIKA PE\u010cE\u010cNIK d.o.o."},"image":{"@id":"https:\/\/mehatronika-pececnik.com\/#\/schema\/logo\/image\/"},"sameAs":["https:\/\/www.facebook.com\/","https:\/\/www.instagram.com\/","https:\/\/www.linkedin.com\/","https:\/\/www.myspace.com\/","https:\/\/www.pinterest.com\/","https:\/\/www.youtube.com\/"]}]}},"_links":{"self":[{"href":"https:\/\/mehatronika-pececnik.com\/index.php?rest_route=\/wp\/v2\/pages\/550","targetHints":{"allow":["GET"]}}],"collection":[{"href":"https:\/\/mehatronika-pececnik.com\/index.php?rest_route=\/wp\/v2\/pages"}],"about":[{"href":"https:\/\/mehatronika-pececnik.com\/index.php?rest_route=\/wp\/v2\/types\/page"}],"author":[{"embeddable":true,"href":"https:\/\/mehatronika-pececnik.com\/index.php?rest_route=\/wp\/v2\/users\/1"}],"replies":[{"embeddable":true,"href":"https:\/\/mehatronika-pececnik.com\/index.php?rest_route=%2Fwp%2Fv2%2Fcomments&post=550"}],"version-history":[{"count":1,"href":"https:\/\/mehatronika-pececnik.com\/index.php?rest_route=\/wp\/v2\/pages\/550\/revisions"}],"predecessor-version":[{"id":556,"href":"https:\/\/mehatronika-pececnik.com\/index.php?rest_route=\/wp\/v2\/pages\/550\/revisions\/556"}],"wp:attachment":[{"href":"https:\/\/mehatronika-pececnik.com\/index.php?rest_route=%2Fwp%2Fv2%2Fmedia&parent=550"}],"curies":[{"name":"wp","href":"https:\/\/api.w.org\/{rel}","templated":true}]}}